{"id":1876,"date":"2013-11-08T13:46:03","date_gmt":"2013-11-08T13:46:03","guid":{"rendered":"http:\/\/lvps5-35-240-157.dedicated.hosteurope.de\/wordpress\/?page_id=1876"},"modified":"2024-08-15T08:24:02","modified_gmt":"2024-08-15T08:24:02","slug":"imprint","status":"publish","type":"page","link":"https:\/\/maps.locr.com\/de\/imprint","title":{"rendered":"Impressum"},"content":{"rendered":"<div class=\"wpb-content-wrapper\"><p>[vc_row][vc_column][vc_column_text]<\/p>\n<h3><strong>locr GmbH<\/strong><\/h3>\n<p>[\/vc_column_text][vc_column_text]<\/p>\n<div id=\"c7570\">\n<p>B\u00fcltenweg 73<br \/>\n38106 Braunschweig<br \/>\nDeutschland<\/p>\n<\/div>\n<p>Phone: +49 (0)531 \/ 482693-20<br \/>\nFax: +49 (0)531 \/ 482693-21<br \/>\nE-mail:\u00a0info[at]locr.com<br \/>\nInternet: <a href=\"https:\/\/maps.locr.com\/\">www.locr.com<\/a><\/p>\n<p>USt.-ID gem\u00e4\u00df \u00a7 27a UStG:\u00a0 DE 250650411<br \/>\n<b>Gesch\u00e4ftsf\u00fchrer: <\/b>Holger Urbansky<br \/>\n<b>Handelsregister: <\/b>Amtsgericht Braunschweig, HRB 200478<br \/>\n<b>Verantwortlich f\u00fcr den Inhalt gem\u00e4\u00df \u00a710 Abs.III MDStV: <\/b>Holger Urbansky<\/p>\n<p>locr<span class=\"st\">\u00ae<\/span> ist eine eingetragene Marke der locr GmbH[\/vc_column_text][\/vc_column][\/vc_row][vc_row][vc_column][vc_separator icon=&#8220;.&#8220;][vc_column_text]<\/p>\n<h2>Haftung &amp; Datenschutz<\/h2>\n<p>[\/vc_column_text][vc_column_text]<\/p>\n<h4><span style=\"font-size: 1.17em;\">Haftung f\u00fcr Inhalte<\/span><\/h4>\n<div id=\"content\">\n<div id=\"c7516\">\n<p style=\"text-align: justify;\">Die Inhalte unserer Seiten wurden mit gr\u00f6\u00dfter Sorgfalt erstellt. F\u00fcr die Richtigkeit, Vollst\u00e4ndigkeit und Aktualit\u00e4t der Inhalte k\u00f6nnen wir jedoch keine Gew\u00e4hr \u00fcbernehmen. Als Diensteanbieter sind wir gem\u00e4\u00df \u00a7 7 Abs. 1 TMG f\u00fcr eigene Inhalte auf diesen Seiten nach den allgemeinen Gesetzen verantwortlich. Nach \u00a7\u00a7 8 bis 10 TMG sind wir als Diensteanbieter jedoch nicht verpflichtet, die von Ihnen \u00fcbermittelten oder gespeicherten Informationen zu \u00fcberwachen oder nach Umst\u00e4nden zu forschen, die auf eine rechtswidrige T\u00e4tigkeit hinweisen. Verpflichtungen zur Entfernung oder Sperrung der Nutzung von Informationen nach den allgemeinen Gesetzen bleiben hiervon unber\u00fchrt. Eine diesbez\u00fcgliche Haftung ist jedoch erst ab dem Zeitpunkt der Kenntnis einer konkreten Rechtsverletzung m\u00f6glich. Bei Bekanntwerden von entsprechenden Rechtsverletzungen werden wir diese Inhalte umgehend entfernen.<\/p>\n<h4>Haftung f\u00fcr Links<\/h4>\n<p style=\"text-align: justify;\">Unser Angebot kann Links zu externen Webseiten Dritter enthalten, auf deren Inhalte wir keinen Einfluss haben. Deshalb k\u00f6nnen wir f\u00fcr diese fremden Inhalte auch keine Gew\u00e4hr \u00fcbernehmen. F\u00fcr die Inhalte der verlinkten Seiten ist stets der jeweilige Anbieter oder Betreiber der Seiten verantwortlich. Die verlinkten Seiten wurden zum Zeitpunkt der Verlinkung auf m\u00f6gliche Rechtsverst\u00f6\u00dfe \u00fcberpr\u00fcft. Rechtswidrige Inhalte waren zum Zeitpunkt der Verlinkung nicht erkennbar. Eine permanente inhaltliche Kontrolle der verlinkten Seiten ist jedoch ohne konkrete Anhaltspunkte einer Rechtsverletzung nicht zumutbar. Bei Bekanntwerden von Rechtsverletzungen werden wir derartige Links umgehend entfernen.<\/p>\n<h4>Urheberrecht<\/h4>\n<p style=\"text-align: justify;\">Die Betreiber der Seiten sind bem\u00fcht, stets die Urheberrechte anderer zu beachten bzw. auf selbst erstellte sowie lizenzfreie Werke zur\u00fcckzugreifen. Beitr\u00e4ge Dritter sind als solche gekennzeichnet. Die durch die Seitenbetreiber erstellten Inhalte und Werke auf diesen Seiten unterliegen dem deutschen Urheberrecht. Deren Vervielf\u00e4ltigung, Bearbeitung, Verbreitung und jegliche sonstige Verwertung bed\u00fcrfen der schriftlichen Zustimmung des jeweiligen Autors bzw. des Betreibers. Downloads und Kopien dieser Seite sind nur f\u00fcr den privaten, nicht kommerziellen Gebrauch gestattet.<\/p>\n<h4>Datenschutz<\/h4>\n<p style=\"text-align: justify;\"><a href=\"http:\/\/maps.locr.com\/de\/datenschutzerklaerung\">Vollst\u00e4ndige Datenschutzverordnung einsehen:<\/a><\/p>\n<p><a href=\"http:\/\/maps.locr.com\/de\/datenschutzerklaerung\">https:\/\/maps.locr.com\/de\/datenschutzerklaerung<\/a><\/p>\n<\/div>\n<\/div>\n<p>[\/vc_column_text][vc_column_text]<\/p>\n<h2>Fotonachweis<\/h2>\n<div id=\"content\">\n<div id=\"c7516\">\n<p>Market Segmentation \u00a9 Jakub Jirs\u00e1k &#8211; Fotolia.com<\/p>\n<p><span class=\"trunc-string\"><span title=\"pharmacy shelves filled with medication blur background\">pharmacy shelves filled with medication blur background <\/span><\/span>\u00a9 Kwangmoo &#8211; Fotolia.com<\/p>\n<p><span class=\"trunc-string\"><span title=\"Topmodel wirbt f\u00fcr Produkt oder Dienstleistung\">Topmodel wirbt f\u00fcr Produkt oder Dienstleistung <\/span><\/span>\u00a9 kreativloft GmbH &#8211; Fotolia.com<\/p>\n<p>US Mail \u00a9 Steve 2.0 &#8211; flickr.com<\/p>\n<p>Photo \u00a9 V\u00edtor Santos &#8211; unsplash.com<\/p>\n<p>Small Circuits \u00a9 Fundamentals of Neuroscience Presents &#8211; vimeo.com<\/p>\n<p>Target \u00bb\u00bb 0o.o0 \u00ab\u00ab \u00a9 ##Erika** &#8211; Flickr.com<\/p>\n<p>closeup portrait of a group of business people laughing \u00a9 Richard Foster &#8211; flickr.com<\/p>\n<p>Milky Way &#8211; Wellington, New Zealand \u00a9 Andrew Xu &#8211; commons.wikipedia.org<\/p>\n<p>old-world-map \u00a9 Paolo Forlani &#8211; commons.wikipedia.org<\/p>\n<p>illustration_view-people-magnifier \u00a9 andrea-prieto -flickr.com<\/p>\n<p>A blank page in a typical paper address book \u00a9 Mr. Granger &#8211; commons.wikipedia.org<\/p>\n<p>desk pencil eraser black \u00a9 Karolina Grabowska.STAFFAGE &#8211; pexels.com<\/p>\n<p>&nbsp;<\/p>\n<\/div>\n<\/div>\n<p>[\/vc_column_text][\/vc_column][\/vc_row]<\/p>\n<\/div>","protected":false},"excerpt":{"rendered":"<p>[vc_row][vc_column][vc_column_text] locr GmbH [\/vc_column_text][vc_column_text] B\u00fcltenweg 73 38106 Braunschweig Deutschland Phone: +49 (0)531 \/ 482693-20 Fax: +49 (0)531 \/ 482693-21 E-mail:\u00a0info[at]locr.com Internet: www.locr.com USt.-ID gem\u00e4\u00df \u00a7 27a UStG:\u00a0 DE 250650411 Gesch\u00e4ftsf\u00fchrer: Holger Urbansky Handelsregister: Amtsgericht Braunschweig, HRB 200478 Verantwortlich f\u00fcr den Inhalt gem\u00e4\u00df \u00a710 Abs.III MDStV: Holger Urbansky locr\u00ae ist eine eingetragene Marke der locr GmbH[\/vc_column_text][\/vc_column][\/vc_row][vc_row][vc_column][vc_separator&hellip;<\/p>\n","protected":false},"author":1,"featured_media":0,"parent":0,"menu_order":0,"comment_status":"closed","ping_status":"closed","template":"","meta":{"footnotes":""},"class_list":["post-1876","page","type-page","status-publish","hentry","description-off"],"aioseo_notices":[],"_links":{"self":[{"href":"https:\/\/maps.locr.com\/de\/wp-json\/wp\/v2\/pages\/1876","targetHints":{"allow":["GET"]}}],"collection":[{"href":"https:\/\/maps.locr.com\/de\/wp-json\/wp\/v2\/pages"}],"about":[{"href":"https:\/\/maps.locr.com\/de\/wp-json\/wp\/v2\/types\/page"}],"author":[{"embeddable":true,"href":"https:\/\/maps.locr.com\/de\/wp-json\/wp\/v2\/users\/1"}],"replies":[{"embeddable":true,"href":"https:\/\/maps.locr.com\/de\/wp-json\/wp\/v2\/comments?post=1876"}],"version-history":[{"count":27,"href":"https:\/\/maps.locr.com\/de\/wp-json\/wp\/v2\/pages\/1876\/revisions"}],"predecessor-version":[{"id":14070,"href":"https:\/\/maps.locr.com\/de\/wp-json\/wp\/v2\/pages\/1876\/revisions\/14070"}],"wp:attachment":[{"href":"https:\/\/maps.locr.com\/de\/wp-json\/wp\/v2\/media?parent=1876"}],"curies":[{"name":"wp","href":"https:\/\/api.w.org\/{rel}","templated":true}]}}