{"id":1876,"date":"2013-11-08T13:46:03","date_gmt":"2013-11-08T13:46:03","guid":{"rendered":"http:\/\/lvps5-35-240-157.dedicated.hosteurope.de\/wordpress\/?page_id=1876"},"modified":"2024-08-15T09:53:15","modified_gmt":"2024-08-15T08:53:15","slug":"imprint","status":"publish","type":"page","link":"https:\/\/maps.locr.com\/en\/imprint","title":{"rendered":"Imprint"},"content":{"rendered":"<div class=\"wpb-content-wrapper\"><p>[vc_row][vc_column][vc_column_text]<\/p>\n<h3><strong>locr GmbH<\/strong><\/h3>\n<p>[\/vc_column_text][vc_column_text]<\/p>\n<div id=\"c7570\">\n<p>B\u00fcltenweg 73<\/p>\n<p>38106 Braunschweig<\/p>\n<p>Germany<\/p>\n<\/div>\n<p>Phone: +49 (0)531 \/ 48 26 9320<\/p>\n<p>Fax: +49 (0)531 \/ 48 26 9321<\/p>\n<p>E-mail:\u00a0info[at]locr.com<\/p>\n<p>Internet: <a href=\"https:\/\/maps.locr.com\">www.locr.com<\/a><\/p>\n<p>USt.-ID according \u00a7 27a UStG:\u00a0 DE 250650411<\/p>\n<p><b>Managing Director: <\/b>Holger Urbansky<\/p>\n<p><b>Trade Register: <\/b>District Court Braunschweig, HRB 200478<b><\/b><\/p>\n<p><b>Responsible for content according \u00a0\u00a710 Abs.III MDStV: <\/b>Holger Urbansky\u00a0<b><\/b><\/p>\n<p>&nbsp;<\/p>\n<p>locr\u00ae is a registered trademark of locr GmbH[\/vc_column_text][\/vc_column][\/vc_row][vc_row][vc_column][vc_separator icon=&#8221;.&#8221;][vc_column_text]<\/p>\n<h2>Liability and Data Protection<\/h2>\n<p>[\/vc_column_text][vc_column_text]<\/p>\n<h4><span style=\"font-size: 1.17em;\">Liability for content<\/span><\/h4>\n<div id=\"content\">\n<div id=\"c7516\">\n<p style=\"text-align: justify;\">The content of our website has been compiled with meticulous care. However, we cannot assume any liability for the up-to-dateness, completeness or accuracy of any of the pages.<\/p>\n<p style=\"text-align: justify;\">Pursuant to section 7, para. 1 of the TMG we as service providers are liable for our own content on these pages in accordance with general laws. However, pursuant to sections 8 to 10 of the TMG, we as service providers are not under obligation to monitor external information provided or stored on our website or to search after circumstances indicating an illegal action. Obligations to remove or block the use of information in accordance with general laws remain unaffected. Any liability concerning this matter can only be assumed from the point in time at which the infringement becomes known to us. Once we have become aware of a specific infringement of the law, we will immediately remove the content in question.<\/p>\n<h4>Liability for links<\/h4>\n<p style=\"text-align: justify;\">Our website may contain links to the websites of third parties. As the content of these websites is not under our control, we cannot assume any liability for such external content. In all cases, the provider of information of the linked websites is liable for the content and accuracy of the information provided. At the point in time when the links were placed, no infringements of the law were recognisable to us. Without having a concrete indication for infringements of the law, a permanant control of the content of these linked websites is not reasonable. As soon as an infringement of the law becomes known to us, we will immediately remove the link in question.<\/p>\n<h4 style=\"text-align: justify;\">Copyright<\/h4>\n<p style=\"text-align: justify;\">The operators of these pages always aim to respect other authors\u2018 copyright or to use self-provided or public domain works. Third parties articles are marked as such. The content and works published on this website are governed by the copyright laws of Germany. Any duplication, processing, distribution or any form of utilisation beyond the scope of copyright law shall require the prior written consent of the author or operators in question. Downloads and copies of this website are only permitted to the private and non-commercial use.<\/p>\n<h4>Data protection<\/h4>\n<p style=\"text-align: justify;\"><a href=\"https:\/\/maps.locr.com\/en\/data-protection\">Complete Data Protection Policy:<\/a><\/p>\n<p><a href=\"https:\/\/maps.locr.com\/en\/data-protection\">https:\/\/maps.locr.com\/en\/data-protection<\/a><\/p>\n<h3 style=\"text-align: justify;\">Proof of photos<\/h3>\n<div id=\"content\">\n<div id=\"c7516\">\n<p>Market Segmentation \u00a9 Jakub Jirs\u00e1k &#8211; Fotolia.com<\/p>\n<p><span class=\"trunc-string\"><span title=\"pharmacy shelves filled with medication blur background\">pharmacy shelves filled with medication blur background <\/span><\/span>\u00a9 Kwangmoo &#8211; Fotolia.com<\/p>\n<p><span class=\"trunc-string\"><span title=\"Topmodel wirbt f\u00fcr Produkt oder Dienstleistung\">Topmodel wirbt f\u00fcr Produkt oder Dienstleistung <\/span><\/span>\u00a9 kreativloft GmbH &#8211; Fotolia.com<\/p>\n<p>US Mail \u00a9 Steve 2.0 &#8211; flickr.com<\/p>\n<p>Photo \u00a9 V\u00edtor Santos &#8211; unsplash.com<\/p>\n<p>Small Circuits \u00a9 Fundamentals of Neuroscience Presents &#8211; vimeo.com<\/p>\n<p>Target \u00bb\u00bb 0o.o0 \u00ab\u00ab \u00a9 ##Erika** &#8211; Flickr.com<\/p>\n<p>closeup portrait of a group of business people laughing \u00a9 Richard Foster &#8211; flickr.com<\/p>\n<p>Milky Way &#8211; Wellington, New Zealand \u00a9 Andrew Xu &#8211; commons.wikipedia.org<\/p>\n<p>old-world-map \u00a9 Paolo Forlani &#8211; commons.wikipedia.org<\/p>\n<p>illustration_view-people-magnifier \u00a9 andrea-prieto -flickr.com<\/p>\n<p>A blank page in a typical paper address book \u00a9 Mr. Granger &#8211; commons.wikipedia.org<\/p>\n<\/div>\n<\/div>\n<\/div>\n<\/div>\n<p>[\/vc_column_text][vc_column_text]<\/p>\n<h2>Haftung &amp; Datenschutz<\/h2>\n<p>[\/vc_column_text][vc_column_text]<\/p>\n<h4><span style=\"font-size: 1.17em;\">Haftung f\u00fcr Inhalte<\/span><\/h4>\n<div id=\"content\">\n<div id=\"c7516\">\n<p style=\"text-align: justify;\">Die Inhalte unserer Seiten wurden mit gr\u00f6\u00dfter Sorgfalt erstellt. F\u00fcr die Richtigkeit, Vollst\u00e4ndigkeit und Aktualit\u00e4t der Inhalte k\u00f6nnen wir jedoch keine Gew\u00e4hr \u00fcbernehmen. Als Diensteanbieter sind wir gem\u00e4\u00df \u00a7 7 Abs. 1 TMG f\u00fcr eigene Inhalte auf diesen Seiten nach den allgemeinen Gesetzen verantwortlich. Nach \u00a7\u00a7 8 bis 10 TMG sind wir als Diensteanbieter jedoch nicht verpflichtet, die von Ihnen \u00fcbermittelten oder gespeicherten Informationen zu \u00fcberwachen oder nach Umst\u00e4nden zu forschen, die auf eine rechtswidrige T\u00e4tigkeit hinweisen. Verpflichtungen zur Entfernung oder Sperrung der Nutzung von Informationen nach den allgemeinen Gesetzen bleiben hiervon unber\u00fchrt. Eine diesbez\u00fcgliche Haftung ist jedoch erst ab dem Zeitpunkt der Kenntnis einer konkreten Rechtsverletzung m\u00f6glich. Bei Bekanntwerden von entsprechenden Rechtsverletzungen werden wir diese Inhalte umgehend entfernen.<\/p>\n<h4>Haftung f\u00fcr Links<\/h4>\n<p style=\"text-align: justify;\">Unser Angebot kann Links zu externen Webseiten Dritter enthalten, auf deren Inhalte wir keinen Einfluss haben. Deshalb k\u00f6nnen wir f\u00fcr diese fremden Inhalte auch keine Gew\u00e4hr \u00fcbernehmen. F\u00fcr die Inhalte der verlinkten Seiten ist stets der jeweilige Anbieter oder Betreiber der Seiten verantwortlich. Die verlinkten Seiten wurden zum Zeitpunkt der Verlinkung auf m\u00f6gliche Rechtsverst\u00f6\u00dfe \u00fcberpr\u00fcft. Rechtswidrige Inhalte waren zum Zeitpunkt der Verlinkung nicht erkennbar. Eine permanente inhaltliche Kontrolle der verlinkten Seiten ist jedoch ohne konkrete Anhaltspunkte einer Rechtsverletzung nicht zumutbar. Bei Bekanntwerden von Rechtsverletzungen werden wir derartige Links umgehend entfernen.<\/p>\n<h4>Urheberrecht<\/h4>\n<p style=\"text-align: justify;\">Die Betreiber der Seiten sind bem\u00fcht, stets die Urheberrechte anderer zu beachten bzw. auf selbst erstellte sowie lizenzfreie Werke zur\u00fcckzugreifen. Beitr\u00e4ge Dritter sind als solche gekennzeichnet. Die durch die Seitenbetreiber erstellten Inhalte und Werke auf diesen Seiten unterliegen dem deutschen Urheberrecht. Deren Vervielf\u00e4ltigung, Bearbeitung, Verbreitung und jegliche sonstige Verwertung bed\u00fcrfen der schriftlichen Zustimmung des jeweiligen Autors bzw. des Betreibers. Downloads und Kopien dieser Seite sind nur f\u00fcr den privaten, nicht kommerziellen Gebrauch gestattet.<\/p>\n<h4>Datenschutz<\/h4>\n<p style=\"text-align: justify;\"><a href=\"httpss:\/\/maps.locr.com\/en\/data-protection\">Vollst\u00e4ndige Datenschutzverodnung ansehen:<\/a><\/p>\n<p><a href=\"httpss:\/\/maps.locr.com\/en\/data-protection\">http:\/\/maps.locr.com\/en\/data-protection<\/a><\/p>\n<h3>Fotonachweis<\/h3>\n<div id=\"content\">\n<div id=\"c7516\">\n<p>Market Segmentation \u00a9 Jakub Jirs\u00e1k &#8211; Fotolia.com<\/p>\n<p><span class=\"trunc-string\"><span title=\"pharmacy shelves filled with medication blur background\">pharmacy shelves filled with medication blur background <\/span><\/span>\u00a9 Kwangmoo &#8211; Fotolia.com<\/p>\n<p><span class=\"trunc-string\"><span title=\"Topmodel wirbt f\u00fcr Produkt oder Dienstleistung\">Topmodel wirbt f\u00fcr Produkt oder Dienstleistung <\/span><\/span>\u00a9 kreativloft GmbH &#8211; Fotolia.com<\/p>\n<p>US Mail \u00a9 Steve 2.0 &#8211; flickr.com<\/p>\n<p>Photo \u00a9 V\u00edtor Santos &#8211; unsplash.com<\/p>\n<p>Small Circuits \u00a9 Fundamentals of Neuroscience Presents &#8211; vimeo.com<\/p>\n<p>Target \u00bb\u00bb 0o.o0 \u00ab\u00ab \u00a9 ##Erika** &#8211; Flickr.com<\/p>\n<\/div>\n<\/div>\n<\/div>\n<\/div>\n<p>[\/vc_column_text][\/vc_column][\/vc_row][vc_row section=&#8221;yes&#8221; background=&#8221;primary&#8221;][vc_column]<div class=\"text-centered\"><a href=\"http:\/\/maps.locr.com\/en\/contact\" class=\"btn-shortcode dt-btn-l dt-btn default-btn-color default-btn-hover-color default-btn-bg-color default-btn-bg-hover-color\" id=\"dt-btn-1\"><span>Contact us now!<\/span><\/a><\/div>[\/vc_column][\/vc_row]<\/p>\n<\/div>","protected":false},"excerpt":{"rendered":"<p>[vc_row][vc_column][vc_column_text] locr GmbH [\/vc_column_text][vc_column_text] B\u00fcltenweg 73 38106 Braunschweig Germany Phone: +49 (0)531 \/ 48 26 9320 Fax: +49 (0)531 \/ 48 26 9321 E-mail:\u00a0info[at]locr.com Internet: www.locr.com USt.-ID according \u00a7 27a UStG:\u00a0 DE 250650411 Managing Director: Holger Urbansky Trade Register: District Court Braunschweig, HRB 200478 Responsible for content according \u00a0\u00a710 Abs.III MDStV: Holger Urbansky\u00a0 &nbsp; locr\u00ae&hellip;<\/p>\n","protected":false},"author":3,"featured_media":0,"parent":0,"menu_order":0,"comment_status":"open","ping_status":"open","template":"","meta":{"footnotes":""},"class_list":["post-1876","page","type-page","status-publish","hentry","description-off"],"aioseo_notices":[],"_links":{"self":[{"href":"https:\/\/maps.locr.com\/en\/wp-json\/wp\/v2\/pages\/1876","targetHints":{"allow":["GET"]}}],"collection":[{"href":"https:\/\/maps.locr.com\/en\/wp-json\/wp\/v2\/pages"}],"about":[{"href":"https:\/\/maps.locr.com\/en\/wp-json\/wp\/v2\/types\/page"}],"author":[{"embeddable":true,"href":"https:\/\/maps.locr.com\/en\/wp-json\/wp\/v2\/users\/3"}],"replies":[{"embeddable":true,"href":"https:\/\/maps.locr.com\/en\/wp-json\/wp\/v2\/comments?post=1876"}],"version-history":[{"count":36,"href":"https:\/\/maps.locr.com\/en\/wp-json\/wp\/v2\/pages\/1876\/revisions"}],"predecessor-version":[{"id":30048,"href":"https:\/\/maps.locr.com\/en\/wp-json\/wp\/v2\/pages\/1876\/revisions\/30048"}],"wp:attachment":[{"href":"https:\/\/maps.locr.com\/en\/wp-json\/wp\/v2\/media?parent=1876"}],"curies":[{"name":"wp","href":"https:\/\/api.w.org\/{rel}","templated":true}]}}